{"id":10,"date":"2014-03-08T18:31:47","date_gmt":"2014-03-08T17:31:47","guid":{"rendered":"http:\/\/www.oconnel-lodge.com\/?page_id=10"},"modified":"2015-01-16T15:15:50","modified_gmt":"2015-01-16T14:15:50","slug":"maison-passive-alsace-gite-ecologique","status":"publish","type":"page","link":"https:\/\/www.oconnel-lodge.com\/en\/maison-passive-alsace-gite-ecologique\/","title":{"rendered":"Maison Passive"},"content":{"rendered":"<h1>Maison passive Alsace Colmar et Maison Ecologique o\u00f9 la poursuite de plusieurs objectifs\u00a0ambitieux\u00a0 sans constructeur :<\/h1>\n<h2>1\/ Faire de ce G\u00eete \u00ab\u00a0Oconnel Lodge\u00a0\u00bb une maison passive Alsace<\/h2>\n<p>&#8230;un endroit o\u00f9 il fait bon se reposer, lire, partager des moments avec ses proches; o\u00f9 dormir est une activit\u00e9 profitable; o\u00f9 vacance rime avec exp\u00e9rience de vie unique en ce d\u00e9but de si\u00e8cle. Maison passive, vacances et repos actifs ! <a title=\"Location grang g\u00eete ALsace colmar, Kaysersberg, Riquewihr\" href=\"http:\/\/www.oconnel-lodge.com\/en\/location-grand-gite-alsace-10-12-personnes\/\">Location grand G\u00eete Alsace Colmar Kaysersberg Riquewihr<\/a>, suivez ce dernier lien.<\/p>\n<h2>2\/ Atteindre la certification \u00ab\u00a0Maison Passive\u00a0\u00bb en Alsace.<\/h2>\n<p>Cette certification est une des plus exigeante au point de vue Thermique &#8211; <em>plus ambitieuse que l&rsquo;actuelle \u00ab\u00a0RT2012\u00a0\u00bb<\/em> : la consommation d&rsquo;\u00e9nergie \u00ab\u00a0primaire\u00a0\u00bb ne doit pas exc\u00e9der les 15kwh\/m2\/an pour les besoins en chauffage (d\u00e9perditions &#8211; les apports solaires, appareillage, occupants ..) et pas plus de 120kwh\/m2\/an pour les besoins en \u00e9nergie (\u00e9clairage, pr\u00e9paration eau chaude, chauffage et autres appareillages).<\/p>\n<h2>3\/ Utiliser des mat\u00e9riaux extr\u00eamement performants \u00a0pour en faire un G\u00eete Ecologique ET une Maison Ecologique ET Maison PAssive ALsace.<\/h2>\n<p>Pourquoi ce choix ?<\/p>\n<p>Pour anticiper une augmentation du co\u00fbt des \u00e9nergies \u00ab\u00a0classiques\u00a0\u00bb : P\u00e9trole et d\u00e9riv\u00e9s ainsi qu&rsquo;Electricit\u00e9 en provenance du Nucl\u00e9aire&#8230;. surtout en Alsace o\u00f9 la premi\u00e8re centrale de France doit \u00eatre ferm\u00e9e en 2017. La maison passive en alsace s&rsquo;impose comme une \u00e9vidence.<\/p>\n<h2>4\/ Constructeur essentiellement \u00e0 partir de mat\u00e9riaux \u00ab\u00a0bio-sourc\u00e9s\u00a0\u00bb n&rsquo;est pas une obligation pour une maison passive.<\/h2>\n<p>et nous essaierons de le faire.<\/p>\n<h2>5\/ En faire une maison \u00e9cologique et <a title=\"Location Ecogite Grand gite Alsace Riquewihr\" href=\"http:\/\/www.oconnel-lodge.com\/en\/location-grand-gite-alsace-10-12-personnes\/\">\u00e9cogite<\/a> :<\/h2>\n<p>Adopter un syst\u00e8me constructif \u00e0 m\u00eame de traverser les d\u00e9cennies avec un minimum d&rsquo;entretien. Nous souhaitons construire avec un proc\u00e9der peu usit\u00e9 en France : les panneaux CLT (Cross Laminated Timber en Anglais, en Fran\u00e7ais : Panneau de Bois Contrecoll\u00e9s). Il s&rsquo;agit de panneaux structurels de 80mm d&rsquo;\u00e9paisseur (ou plus) qui assurent de multiples fonction :<\/p>\n<p>Structure : ils assurent la portance du b\u00e2timent, ils constituent les murs<\/p>\n<p>\u00c9tanch\u00e9it\u00e9 \u00e0 l&rsquo;air : avec ces panneaux inutile de rajouter des films pare-vapeur pour assurer l&rsquo;\u00e9tanch\u00e9it\u00e9 \u00e0 l&rsquo;air, ces panneaux sont \u00e9tanches \u00e0 l&rsquo;air naturellement et le temps ne viendra pas alt\u00e9rer ces propri\u00e9t\u00e9s.<\/p>\n<p>Finition : Comment ? en laissant apparente \u00e0 l&rsquo;int\u00e9rieur de la maison une des faces de ces panneaux. Cette face aura \u00e9t\u00e9 pr\u00e9alablement ponc\u00e9e en usine &#8230; \u00e9conomie de peinture ou papier peint pour une ambiance unique.<\/p>\n<p>Pour la location de ce <a title=\"Location Grand Gite Alsace Colmar\" href=\"http:\/\/www.oconnel-lodge.com\/en\/location-grand-gite-alsace-10-12-personnes\/\">grand gite Alsace 12 Personnes<\/a> rendez-vous sur notre page d\u00e9di\u00e9e.<\/p>","protected":false},"excerpt":{"rendered":"<p>Maison passive Alsace Colmar et Maison Ecologique o\u00f9 la poursuite de plusieurs objectifs\u00a0ambitieux\u00a0 sans constructeur : 1\/ Faire de ce G\u00eete \u00ab\u00a0Oconnel Lodge\u00a0\u00bb une maison passive Alsace &#8230;un endroit o\u00f9 il fait bon se reposer, lire, partager des moments avec ses proches; o\u00f9 dormir est une activit\u00e9 profitable; o\u00f9 vacance rime avec exp\u00e9rience de vie&#8230;<\/p>","protected":false},"author":1,"featured_media":0,"parent":0,"menu_order":0,"comment_status":"open","ping_status":"open","template":"","meta":{"_kad_post_transparent":"","_kad_post_title":"","_kad_post_layout":"","_kad_post_sidebar_id":"","_kad_post_content_style":"","_kad_post_vertical_padding":"","_kad_post_feature":"","_kad_post_feature_position":"","_kad_post_header":false,"_kad_post_footer":false,"_kad_post_classname":"","footnotes":""},"class_list":["post-10","page","type-page","status-publish","hentry"],"_links":{"self":[{"href":"https:\/\/www.oconnel-lodge.com\/en\/wp-json\/wp\/v2\/pages\/10","targetHints":{"allow":["GET"]}}],"collection":[{"href":"https:\/\/www.oconnel-lodge.com\/en\/wp-json\/wp\/v2\/pages"}],"about":[{"href":"https:\/\/www.oconnel-lodge.com\/en\/wp-json\/wp\/v2\/types\/page"}],"author":[{"embeddable":true,"href":"https:\/\/www.oconnel-lodge.com\/en\/wp-json\/wp\/v2\/users\/1"}],"replies":[{"embeddable":true,"href":"https:\/\/www.oconnel-lodge.com\/en\/wp-json\/wp\/v2\/comments?post=10"}],"version-history":[{"count":14,"href":"https:\/\/www.oconnel-lodge.com\/en\/wp-json\/wp\/v2\/pages\/10\/revisions"}],"predecessor-version":[{"id":458,"href":"https:\/\/www.oconnel-lodge.com\/en\/wp-json\/wp\/v2\/pages\/10\/revisions\/458"}],"wp:attachment":[{"href":"https:\/\/www.oconnel-lodge.com\/en\/wp-json\/wp\/v2\/media?parent=10"}],"curies":[{"name":"wp","href":"https:\/\/api.w.org\/{rel}","templated":true}]}}