{"id":1261,"date":"2018-04-30T10:15:12","date_gmt":"2018-04-30T09:15:12","guid":{"rendered":"http:\/\/www.oconnel-lodge.com\/?page_id=1261"},"modified":"2018-05-02T07:43:12","modified_gmt":"2018-05-02T06:43:12","slug":"4-jours-en-alsace","status":"publish","type":"page","link":"https:\/\/www.oconnel-lodge.com\/en\/4-jours-en-alsace\/","title":{"rendered":"Un concentr\u00e9 d&rsquo;Emotions en 4 jours autour de O&rsquo;Connel Lodge"},"content":{"rendered":"<h1>Un concentr\u00e9 d&rsquo;Emotions en 4 jours autour de O&rsquo;Connel Lodge<\/h1>\n<p>Depuis Bennwihr profitez d&rsquo;un rep\u00e8re unique pour 4 jours riches en \u00e9motions au c\u0153ur de l&rsquo;Alsace !<\/p>\n<p style=\"background: #994400 none repeat scroll 0% 0%; color: #ffffff; text-align: center;\"><strong>JOUR 1<\/strong><\/p>\n<p>PRENDRE LA MESURE DES LIEUX<\/p>\n<p>Apr\u00e8s le petit-d\u00e9jeuner, prenez de la hauteur ! Rendez-vous au sommet de la colline du Markrain (Grand Cru de vins d&rsquo;Alsace) par les chemins des vignes.\u00a0 Comptez 2 kilom\u00e8tres et environ 30 \u00e0 45 minutes. Cheminez au travers des vignes et arriv\u00e9 au sommet d\u00e9couvrez \u00e0 la fois :<\/p>\n<ul>\n<li>un lieu de m\u00e9moire<\/li>\n<li>un point de vue unique sur la plaine d&rsquo;Alsace, les collines vosgiennes, le vignoble, la ville de Colmar, la For\u00eat Noire en Allemagne, le Haut Koenigsbourg, les 3 Chateaux de Ribeauvill\u00e9 et parfois m\u00eame les Alpes Suisses !<\/li>\n<\/ul>\n<p>C&rsquo;est\u00a0 l&rsquo;endroit id\u00e9al pour prendre la mesure de la g\u00e9ographie, de la topographie et de l&rsquo;histoire de la r\u00e9gion.<\/p>\n<figure id=\"attachment_1269\" aria-describedby=\"caption-attachment-1269\" style=\"width: 651px\" class=\"wp-caption alignnone\"><a href=\"http:\/\/www.oconnel-lodge.com\/4-jours-en-alsace\/oconnel-cimetiere-militaire-sigolsheim-bennwihr\/\" rel=\"attachment wp-att-1269\"><img loading=\"lazy\" decoding=\"async\" class=\"size-full wp-image-1269\" src=\"http:\/\/www.oconnel-lodge.com\/wp-content\/uploads\/2018\/05\/oconnel-cimetie\u0300re-militaire-sigolsheim-bennwihr.jpg\" alt=\"Se rendre au cimeti\u00e8re militaire Sigoslheim\" width=\"651\" height=\"518\" srcset=\"https:\/\/www.oconnel-lodge.com\/wp-content\/uploads\/2018\/05\/oconnel-cimetie\u0300re-militaire-sigolsheim-bennwihr.jpg 651w, https:\/\/www.oconnel-lodge.com\/wp-content\/uploads\/2018\/05\/oconnel-cimetie\u0300re-militaire-sigolsheim-bennwihr-300x239.jpg 300w\" sizes=\"auto, (max-width: 651px) 100vw, 651px\" \/><\/a><figcaption id=\"caption-attachment-1269\" class=\"wp-caption-text\">Se rendre au cimeti\u00e8re militaire Sigoslheim<\/figcaption><\/figure>\n<p>puis DIRECTION LE MUS\u00c9E UNTERLNDEN<\/p>\n<p>Depuis le 12 d\u00e9cembre 2015, le Mus\u00e9e Unterlinden b\u00e9n\u00e9ficie d\u2019un nouvel \u00e9crin r\u00e9alis\u00e9 par le cabinet d\u2019architectes Herzog &amp; de Meuron. L\u2019ancien couvent r\u00e9nov\u00e9 par les Monuments Historiques est d\u00e9di\u00e9 \u00e0 l\u2019art ancien et aux objets d\u2019arts, le b\u00e2timent contemporain est consacr\u00e9 aux collections d\u2019art moderne et aux expositions temporaire et la galerie souterraine entre le couvent et l\u2019\u00e9difice moderne pr\u00e9sente un panorama de l\u2019art du 19<sup>e<\/sup> et du d\u00e9but du 20<sup>e<\/sup> si\u00e8cle.<\/p>\n<figure id=\"attachment_1271\" aria-describedby=\"caption-attachment-1271\" style=\"width: 593px\" class=\"wp-caption alignnone\"><a href=\"http:\/\/www.oconnel-lodge.com\/4-jours-en-alsace\/unterlinden-oconnel-lodge-alsace\/\" rel=\"attachment wp-att-1271\"><img loading=\"lazy\" decoding=\"async\" class=\"size-full wp-image-1271\" src=\"http:\/\/www.oconnel-lodge.com\/wp-content\/uploads\/2018\/05\/unterlinden-oconnel-lodge-alsace.jpeg\" alt=\"Mus\u00e9e Unterlinden Colmar Alsace\" width=\"593\" height=\"445\" srcset=\"https:\/\/www.oconnel-lodge.com\/wp-content\/uploads\/2018\/05\/unterlinden-oconnel-lodge-alsace.jpeg 593w, https:\/\/www.oconnel-lodge.com\/wp-content\/uploads\/2018\/05\/unterlinden-oconnel-lodge-alsace-300x225.jpeg 300w\" sizes=\"auto, (max-width: 593px) 100vw, 593px\" \/><\/a><figcaption id=\"caption-attachment-1271\" class=\"wp-caption-text\">Mus\u00e9e Unterlinden Colmar Alsace<\/figcaption><\/figure>\n<p>UNE PAUSE D\u00c9JEUNER AU RESTAURANT LA TAVERNE \u00e0 INGERSHEIM<\/p>\n<p>Profitez d&rsquo;une qualit\u00e9 de cuisine Maison rare, c\u00f4t\u00e9 Brasserie en semaine pour un plat du jour savoureux.<\/p>\n<p><a title=\"Acc\u00e8s au site La Taverne Alsacienne\" href=\"http:\/\/www.tavernealsacienne-familleguggenbuhl.com\/\">La Taverne Alsacienne<\/a> \u2013 \u00ab\u00a0Bib Michelin\u00a0\u00bb 2014<br \/>\n99, Rue de la R\u00e9publique<br \/>\n68040 Ingersheim<br \/>\n03.89.27.08.41<\/p>\n<p>FIN DE JOURN\u00c9E : TOUTES LES SAVEURS DES VINS D&rsquo;ALSACE<\/p>\n<p><a href=\"http:\/\/www.andreblanck.com\/\">Domaine Andr\u00e9 BLANCK<\/a><br \/>\nAncienne cour des Chevaliers de Malte<br \/>\nK I E N T Z H E I M<br \/>\n68240 KAYSERSBERG-VIGNOBLE<br \/>\nT\u00e9l : 03 89 <a href=\"tel:+33389782472\">7<\/a>8 24 72<\/p>\n<figure id=\"attachment_1272\" aria-describedby=\"caption-attachment-1272\" style=\"width: 231px\" class=\"wp-caption alignnone\"><a href=\"http:\/\/www.oconnel-lodge.com\/4-jours-en-alsace\/gewurztraminer-furstentum-andree-blanck-kientzheim\/\" rel=\"attachment wp-att-1272\"><img loading=\"lazy\" decoding=\"async\" class=\"size-full wp-image-1272\" src=\"http:\/\/www.oconnel-lodge.com\/wp-content\/uploads\/2018\/05\/gewurztraminer-furstentum-andre\u0301e-blanck-kientzheim.jpg\" alt=\"Gewurtztramnier Furstentum - Domaine Andr\u00e9 BLANCK\" width=\"231\" height=\"456\" srcset=\"https:\/\/www.oconnel-lodge.com\/wp-content\/uploads\/2018\/05\/gewurztraminer-furstentum-andre\u0301e-blanck-kientzheim.jpg 231w, https:\/\/www.oconnel-lodge.com\/wp-content\/uploads\/2018\/05\/gewurztraminer-furstentum-andre\u0301e-blanck-kientzheim-152x300.jpg 152w\" sizes=\"auto, (max-width: 231px) 100vw, 231px\" \/><\/a><figcaption id=\"caption-attachment-1272\" class=\"wp-caption-text\">Gewurtztramnier Furstentum &#8211; Domaine Andr\u00e9 BLANCK<\/figcaption><\/figure>\n<p style=\"background: #994400 none repeat scroll 0% 0%; color: #ffffff; text-align: center;\"><strong>JOUR 2<\/strong><\/p>\n<p>S\u2019\u00c9VADER entre petits et grands dans un parc d&rsquo;attraction Mondialement connu, au Parc du petit Prince ou au Jardin des papillons. Vous pr\u00e9f\u00e9rez le Haut Koenigsbourg ? C&rsquo;est par ici !<\/p>\n<p>Europapark \u2013 Allemagne<br \/>\nParc d\u2019attraction<br \/>\nwww.europapark.de\/fr<br \/>\n\u00e0 48 km, 1H10<\/p>\n<p><a href=\"https:\/\/www.parcdupetitprince.com\/\"><span data-original-name=\"Parc du Petit Prince\">Parc du Petit Prince<\/span><\/a><br \/>\nParc \u00e0 th\u00e8mes inspir\u00e9 de l&rsquo;\u0153uvre d&rsquo;Antoine de Saint-Exup\u00e9ry<br \/>\n<span class=\"LrzXr\">68190 Ungersheim<\/span><br \/>\n\u00e0 40 minutes<\/p>\n<p><a title=\"Site web Jardin de papillons\" href=\"http:\/\/www.jardinsdespapillons.fr\/\">Jardin des Papillons<\/a><br \/>\nRoute de Ribeauvill\u00e9<br \/>\n68150 Hunawihr<br \/>\n03 89 73 33 33<br \/>\n\u00c0 5 Min.<\/p>\n<p><a href=\"http:\/\/www.haut-koenigsbourg.fr\/fr\/\">Haut Koenigsbourg<\/a><br \/>\n<span class=\"LrzXr\">67600 Orschwiller<\/span><br \/>\n\u00e0 30 Minutes<\/p>\n<p style=\"background: #994400 none repeat scroll 0% 0%; color: #ffffff; text-align: center;\"><strong>JOUR 3<\/strong><\/p>\n<p>MARCHER, FL\u00c2NER, \u00c9COUTER, HUMER, GLISSER, ROULER, D\u00c9GUSTER<\/p>\n<p>Direction les montagnes Vosgiennes pour une journ\u00e9e inoubliable entre vertes for\u00eats, lacs bleut\u00e9s, pierriers roses, vaches noires et blanches.<\/p>\n<p>Acc\u00e9der par diff\u00e9rentes routes : Col du Bonhomme \u00e0 30 minutes, Col de la Schlucht au dessus de Munster \u00e050 minutes, Aubure \u00e0 30 minutes via Ribeauvill\u00e9, Val d&rsquo;Orbey \u00e0 20 minutes.<\/p>\n<p>Vous pourrez randonner, rouler \u00e0 V\u00e9lo, skier ou aller en raquettes \u00e0 neige, d\u00e9jeuner en ferme auberge, pic-niquer sur l&rsquo;herbe, escalader les falaises, courir un trail, faire la sieste.<\/p>\n<figure id=\"attachment_1274\" aria-describedby=\"caption-attachment-1274\" style=\"width: 998px\" class=\"wp-caption alignnone\"><a href=\"http:\/\/www.oconnel-lodge.com\/4-jours-en-alsace\/alsace-vosges-oconnel-lodge\/\" rel=\"attachment wp-att-1274\"><img loading=\"lazy\" decoding=\"async\" class=\"size-full wp-image-1274\" src=\"http:\/\/www.oconnel-lodge.com\/wp-content\/uploads\/2018\/05\/alsace-vosges-oconnel-lodge.jpg\" alt=\"Alsace Vosges Mittlach\" width=\"998\" height=\"998\" srcset=\"https:\/\/www.oconnel-lodge.com\/wp-content\/uploads\/2018\/05\/alsace-vosges-oconnel-lodge.jpg 998w, https:\/\/www.oconnel-lodge.com\/wp-content\/uploads\/2018\/05\/alsace-vosges-oconnel-lodge-150x150.jpg 150w, https:\/\/www.oconnel-lodge.com\/wp-content\/uploads\/2018\/05\/alsace-vosges-oconnel-lodge-300x300.jpg 300w, https:\/\/www.oconnel-lodge.com\/wp-content\/uploads\/2018\/05\/alsace-vosges-oconnel-lodge-768x768.jpg 768w\" sizes=\"auto, (max-width: 998px) 100vw, 998px\" \/><\/a><figcaption id=\"caption-attachment-1274\" class=\"wp-caption-text\">Alsace Vosges Mittlach<\/figcaption><\/figure>\n<p>Sur ce terrain de jeu le Jour3 pourrait vite se transformer en Jour4 aussi !<\/p>\n<figure id=\"attachment_1275\" aria-describedby=\"caption-attachment-1275\" style=\"width: 998px\" class=\"wp-caption alignnone\"><a href=\"http:\/\/www.oconnel-lodge.com\/4-jours-en-alsace\/alsace-vosges-gazon-de-faing-oconnel-lodge\/\" rel=\"attachment wp-att-1275\"><img loading=\"lazy\" decoding=\"async\" class=\"size-full wp-image-1275\" src=\"http:\/\/www.oconnel-lodge.com\/wp-content\/uploads\/2018\/05\/alsace-vosges-gazon-de-faing-oconnel-lodge.jpg\" alt=\"Alsace Vosges Gazon de Faing Hiver\" width=\"998\" height=\"998\" srcset=\"https:\/\/www.oconnel-lodge.com\/wp-content\/uploads\/2018\/05\/alsace-vosges-gazon-de-faing-oconnel-lodge.jpg 998w, https:\/\/www.oconnel-lodge.com\/wp-content\/uploads\/2018\/05\/alsace-vosges-gazon-de-faing-oconnel-lodge-150x150.jpg 150w, https:\/\/www.oconnel-lodge.com\/wp-content\/uploads\/2018\/05\/alsace-vosges-gazon-de-faing-oconnel-lodge-300x300.jpg 300w, https:\/\/www.oconnel-lodge.com\/wp-content\/uploads\/2018\/05\/alsace-vosges-gazon-de-faing-oconnel-lodge-768x768.jpg 768w\" sizes=\"auto, (max-width: 998px) 100vw, 998px\" \/><\/a><figcaption id=\"caption-attachment-1275\" class=\"wp-caption-text\">Alsace Vosges Gazon de Faing Hiver<\/figcaption><\/figure>\n<p>De retour \u00e0 O&rsquo;Connel Lodge ce sera s\u00e9ance de Sauna pour les uns\u00a0 repos dans les rocking chairs pour les autres !<\/p>\n<p style=\"background: #994400 none repeat scroll 0% 0%; color: #ffffff; text-align: center;\"><strong>JOUR 4<\/strong><\/p>\n<p>Immersion au c\u0153ur des villages \u00e0 l&rsquo;architecture typique \u00e0 colombage, Riquewihr est \u00e0 4 km, Kaysersberg \u00e0 8 km, Ribeauvill\u00e9 \u00e0 7 km.<\/p>\n<p>Parcourir ces villages aux maisons \u00e0 colombage vous am\u00e8nera aussi \u00e0 croiser sur votre chemin des r\u00e9f\u00e9rences dans l&rsquo;artisanat local tel que :<\/p>\n<p><a title=\"Site Beauville.com\" href=\"http:\/\/www.beauville.com\/\">Tissus Beauville<\/a><br \/>\n19, route de Sainte-Marie-aux-Mines<br \/>\n68150<br \/>\nRIBEAUVILLE<\/p>\n<figure id=\"attachment_1276\" aria-describedby=\"caption-attachment-1276\" style=\"width: 766px\" class=\"wp-caption alignnone\"><a href=\"http:\/\/www.oconnel-lodge.com\/4-jours-en-alsace\/beauville-alsace-oconnel-lodge\/\" rel=\"attachment wp-att-1276\"><img loading=\"lazy\" decoding=\"async\" class=\"size-full wp-image-1276\" src=\"http:\/\/www.oconnel-lodge.com\/wp-content\/uploads\/2018\/05\/beauville\u0301-alsace-oconnel-lodge.jpg\" alt=\"Beauvill\u00e9\u00ae Linge de table Alsace\" width=\"766\" height=\"689\" srcset=\"https:\/\/www.oconnel-lodge.com\/wp-content\/uploads\/2018\/05\/beauville\u0301-alsace-oconnel-lodge.jpg 766w, https:\/\/www.oconnel-lodge.com\/wp-content\/uploads\/2018\/05\/beauville\u0301-alsace-oconnel-lodge-300x270.jpg 300w\" sizes=\"auto, (max-width: 766px) 100vw, 766px\" \/><\/a><figcaption id=\"caption-attachment-1276\" class=\"wp-caption-text\">Beauvill\u00e9\u00ae Linge de table Alsace<\/figcaption><\/figure>\n<p><a title=\"Acc\u00e9dez au site de Christine FERBER\" href=\"http:\/\/www.christineferber.com\/Christine-Ferber.html\">P\u00e2tisserie Ferber<\/a><br \/>\nTraiteur, Confiture et Bredla (petits gateaux)<br \/>\n18, rue des Trois Epis<br \/>\n68230 Niedermorschwihr<br \/>\n03 89 27 05 69<\/p>\n<p>Ne manquez sous aucun pr\u00e9texte les miels d&rsquo;exception de Bernard LAENGER \u00e0 200m\u00e8tre du Lodge<\/p>\n<p>Miel sapin, foret, fleur<br \/>\nBernard LAENGER<br \/>\n2, rue O\u2019Connel<br \/>\n68630 BENNWHIR<br \/>\n03 89 47 83 42<br \/>\n\u00c0 200m<\/p>\n<p>ou encore<\/p>\n<p>Asperges \u2013 Clarisse Sibler<br \/>\nmi-avril \u00e0 mi-juin<br \/>\n27 Rue de Bennwihr<br \/>\n68126 Sigolsheim<br \/>\n\u00c0 5 Min.<\/p>\n<p>Restez avec nous plus longtemps JOUR 5, 6, 7 et <a href=\"http:\/\/www.oconnel-lodge.com\/bonnes-adresses\/\">\u00e9crivez vous m\u00eame votre s\u00e9jour en cliquant ici.<\/a><\/p>\n<p>[maxbutton id=\u00a0\u00bb1&Prime;]<\/p>\n<p>Ou bien revenez une autre fois nous rendre visite !<\/p>\n","protected":false},"excerpt":{"rendered":"<p>Un concentr\u00e9 d&rsquo;Emotions en 4 jours autour de O&rsquo;Connel Lodge Depuis Bennwihr profitez d&rsquo;un rep\u00e8re unique pour 4 jours riches en \u00e9motions au c\u0153ur de l&rsquo;Alsace ! JOUR 1 PRENDRE LA MESURE DES LIEUX Apr\u00e8s le petit-d\u00e9jeuner, prenez de la hauteur ! Rendez-vous au sommet de la colline du Markrain (Grand Cru de vins d&rsquo;Alsace)&#8230;<\/p>","protected":false},"author":1,"featured_media":0,"parent":0,"menu_order":0,"comment_status":"open","ping_status":"open","template":"","meta":{"_kad_post_transparent":"","_kad_post_title":"","_kad_post_layout":"","_kad_post_sidebar_id":"","_kad_post_content_style":"","_kad_post_vertical_padding":"","_kad_post_feature":"","_kad_post_feature_position":"","_kad_post_header":false,"_kad_post_footer":false,"_kad_post_classname":"","footnotes":""},"class_list":["post-1261","page","type-page","status-publish","hentry"],"_links":{"self":[{"href":"https:\/\/www.oconnel-lodge.com\/en\/wp-json\/wp\/v2\/pages\/1261","targetHints":{"allow":["GET"]}}],"collection":[{"href":"https:\/\/www.oconnel-lodge.com\/en\/wp-json\/wp\/v2\/pages"}],"about":[{"href":"https:\/\/www.oconnel-lodge.com\/en\/wp-json\/wp\/v2\/types\/page"}],"author":[{"embeddable":true,"href":"https:\/\/www.oconnel-lodge.com\/en\/wp-json\/wp\/v2\/users\/1"}],"replies":[{"embeddable":true,"href":"https:\/\/www.oconnel-lodge.com\/en\/wp-json\/wp\/v2\/comments?post=1261"}],"version-history":[{"count":8,"href":"https:\/\/www.oconnel-lodge.com\/en\/wp-json\/wp\/v2\/pages\/1261\/revisions"}],"predecessor-version":[{"id":1281,"href":"https:\/\/www.oconnel-lodge.com\/en\/wp-json\/wp\/v2\/pages\/1261\/revisions\/1281"}],"wp:attachment":[{"href":"https:\/\/www.oconnel-lodge.com\/en\/wp-json\/wp\/v2\/media?parent=1261"}],"curies":[{"name":"wp","href":"https:\/\/api.w.org\/{rel}","templated":true}]}}