{"id":33,"date":"2014-03-10T20:28:07","date_gmt":"2014-03-10T19:28:07","guid":{"rendered":"http:\/\/www.oconnel-lodge.com\/?page_id=33"},"modified":"2016-12-02T14:08:45","modified_gmt":"2016-12-02T13:08:45","slug":"lesprit-lodge","status":"publish","type":"page","link":"https:\/\/www.oconnel-lodge.com\/en\/lesprit-lodge\/","title":{"rendered":"L&rsquo;Esprit Lodge"},"content":{"rendered":"<h1>Ecogite et Gite en Alsace,\u00a0 \u00c9prouvez le plaisir de vous retrouver : avec votre tribu ou avec vos amis !<\/h1>\n<p>Oconnel Lodge c&rsquo;est un Ecogite ou G\u00eete Ecologique qui vous offre <strong><em>12 places<\/em><\/strong> dans 5 chambres :<\/p>\n<p>dont une en rez de chauss\u00e9e \u00e0 m\u00eame d&rsquo;accueillir des personnes \u00e0 mobilit\u00e9 r\u00e9duite,<\/p>\n<p>dont une \u00e0 m\u00eame d&rsquo;accueillir 4 personnes gr\u00e2ce \u00e0 l&rsquo;espace \u00ab\u00a0lit superpos\u00e9\u00a0\u00bb.<\/p>\n<p>Au fait chaque chambre dispose de sa propre douche et lavabo, de sa tablette de lecture ou d&rsquo;\u00e9criture &#8230; sur papier, ordinateur ou tablette tactile !<\/p>\n<p>Oconnel Lodge c&rsquo;est un <em><strong>jardin partag\u00e9<\/strong><\/em> entre tous les occupants et vos h\u00f4tes : plantez, arrosez, r\u00e9coltez &#8211; chacun apport un peu de soin aux aromatiques et autres tomates ! Quand c&rsquo;est m\u00fbr d\u00e9gustez en pensant aux pr\u00e9c\u00e9dents et laissez en aux suivants.<\/p>\n<p>Oconnel Lodge c&rsquo;est une M\u00e9zzanine r\u00e9serv\u00e9e aux Enfants pour se perdre dans la collection de livres et de BD et aussi aux plus grands pour des parties de consoles interminables.<\/p>\n<p>Le saviez vous ? Oconnel Lodge occupe un terrain sur lequel ont produit durant des ann\u00e9es des vignes de Riesling, regardez bien en limite Est du terrain, nous en avons gard\u00e9 plusieurs pieds qui veillent sur le soleil levant.<\/p>\n<p>Cette maison a fait l&rsquo;objet de toutes les attentions lors sa\u00a0 conception : orientation plein sud et larges ouverture pour faire entrer la lumi\u00e8re, mat\u00e9riaux d&rsquo;origine naturel avec des murs en bois et des isolants \u00e0 base de bois. L&rsquo;\u00e9tage dispose de 2 mezzanine qui offrent \u00e0 tous espace et clart\u00e9. Nous devons atteindre la norme <a title=\"Maison passive Alsace\" href=\"http:\/\/www.oconnel-lodge.com\/en\/maison-passive-alsace-gite-ecologique\/\">maison passive<\/a>.<\/p>\n<h1>Louer l&rsquo;Ecogite Alsace en toute simplicit\u00e9.<\/h1>\n<p>Notre syst\u00e8me de <a title=\"Location Ecogite Alsace\" href=\"http:\/\/www.oconnel-lodge.com\/en\/location-grand-gite-alsace-10-12-personnes\/\">r\u00e9servation Ecogite Alsace<\/a> est mis \u00e0 jour en permanence pour vous offrir la location la plus simple.<\/p>\n<h1>\n<p style=\"color:#994400\";>VISITEZ ! MAINTENANT ! CLIQUEZ L&rsquo;IMAGE CI-DESSOUS &#8230;<\/p>\n<\/h1>\n<figure id=\"attachment_1008\" aria-describedby=\"caption-attachment-1008\" style=\"width: 474px\" class=\"wp-caption aligncenter\"><a href=\"http:\/\/virtuel.oconnel-lodge.com\/OCONNEL_LODGE.html\" target=\"_blank\"><img loading=\"lazy\" decoding=\"async\" class=\"wp-image-1008 size-large\" title=\"CLIQUEZ et VISITEZ EN 360\u00b0\" src=\"http:\/\/www.oconnel-lodge.com\/wp-content\/uploads\/2014\/08\/MINI_PLANET_OCONNEL_LODGE_S-687x1024.jpg\" alt=\"Cliquez l'image et d\u00e9couvrez O'Connel Lodge en 360\u00b0 !\" width=\"474\" height=\"707\" srcset=\"https:\/\/www.oconnel-lodge.com\/wp-content\/uploads\/2014\/08\/MINI_PLANET_OCONNEL_LODGE_S-687x1024.jpg 687w, https:\/\/www.oconnel-lodge.com\/wp-content\/uploads\/2014\/08\/MINI_PLANET_OCONNEL_LODGE_S-201x300.jpg 201w, https:\/\/www.oconnel-lodge.com\/wp-content\/uploads\/2014\/08\/MINI_PLANET_OCONNEL_LODGE_S-768x1145.jpg 768w, https:\/\/www.oconnel-lodge.com\/wp-content\/uploads\/2014\/08\/MINI_PLANET_OCONNEL_LODGE_S-600x895.jpg 600w, https:\/\/www.oconnel-lodge.com\/wp-content\/uploads\/2014\/08\/MINI_PLANET_OCONNEL_LODGE_S.jpg 902w\" sizes=\"auto, (max-width: 474px) 100vw, 474px\" \/><\/a><figcaption id=\"caption-attachment-1008\" class=\"wp-caption-text\">Cliquez l&rsquo;image et d\u00e9couvrez O&rsquo;Connel Lodge en 360\u00b0 !<\/figcaption><\/figure>","protected":false},"excerpt":{"rendered":"<p>Ecogite et Gite en Alsace,\u00a0 \u00c9prouvez le plaisir de vous retrouver : avec votre tribu ou avec vos amis ! Oconnel Lodge c&rsquo;est un Ecogite ou G\u00eete Ecologique qui vous offre 12 places dans 5 chambres : dont une en rez de chauss\u00e9e \u00e0 m\u00eame d&rsquo;accueillir des personnes \u00e0 mobilit\u00e9 r\u00e9duite, dont une \u00e0 m\u00eame&#8230;<\/p>","protected":false},"author":1,"featured_media":0,"parent":0,"menu_order":0,"comment_status":"open","ping_status":"open","template":"","meta":{"_kad_post_transparent":"","_kad_post_title":"","_kad_post_layout":"","_kad_post_sidebar_id":"","_kad_post_content_style":"","_kad_post_vertical_padding":"","_kad_post_feature":"","_kad_post_feature_position":"","_kad_post_header":false,"_kad_post_footer":false,"_kad_post_classname":"","footnotes":""},"class_list":["post-33","page","type-page","status-publish","hentry"],"_links":{"self":[{"href":"https:\/\/www.oconnel-lodge.com\/en\/wp-json\/wp\/v2\/pages\/33","targetHints":{"allow":["GET"]}}],"collection":[{"href":"https:\/\/www.oconnel-lodge.com\/en\/wp-json\/wp\/v2\/pages"}],"about":[{"href":"https:\/\/www.oconnel-lodge.com\/en\/wp-json\/wp\/v2\/types\/page"}],"author":[{"embeddable":true,"href":"https:\/\/www.oconnel-lodge.com\/en\/wp-json\/wp\/v2\/users\/1"}],"replies":[{"embeddable":true,"href":"https:\/\/www.oconnel-lodge.com\/en\/wp-json\/wp\/v2\/comments?post=33"}],"version-history":[{"count":9,"href":"https:\/\/www.oconnel-lodge.com\/en\/wp-json\/wp\/v2\/pages\/33\/revisions"}],"predecessor-version":[{"id":2040,"href":"https:\/\/www.oconnel-lodge.com\/en\/wp-json\/wp\/v2\/pages\/33\/revisions\/2040"}],"wp:attachment":[{"href":"https:\/\/www.oconnel-lodge.com\/en\/wp-json\/wp\/v2\/media?parent=33"}],"curies":[{"name":"wp","href":"https:\/\/api.w.org\/{rel}","templated":true}]}}