{"id":578,"date":"2015-03-12T15:41:10","date_gmt":"2015-03-12T14:41:10","guid":{"rendered":"http:\/\/www.oconnel-lodge.com\/?page_id=578"},"modified":"2022-03-06T18:39:36","modified_gmt":"2022-03-06T17:39:36","slug":"descriptif-et-equipement","status":"publish","type":"page","link":"https:\/\/www.oconnel-lodge.com\/en\/descriptif-et-equipement\/","title":{"rendered":"Description and Equipment"},"content":{"rendered":"<p>Construite en 2015, pour 12 Personnes, Maison de 206m2 avec Sauna, 5 Chambres\u00a0\u00a0\u00a0 et \u00a0\u00a0 5 Salles de Bain, une maison tout en bois au design contemporain pour une ambiance vraiment unique &#8211; comme un petit h\u00f4tel pour vous seul !<\/p>\n<p>O&rsquo;Connel Lodge est une maison \u00e9cologique du futur pour 2 raisons : tout d&rsquo;abord parce qu&rsquo;elle est tr\u00e8s tr\u00e8s \u00e9conome en \u00e9nergie gr\u00e2ce \u00e0 sa conception Passive, ensuite parce que l&rsquo;ensemble des mat\u00e9riaux est d&rsquo;origine naturelle &#8230; enti\u00e8rement faite de bois, laine de bois, fen\u00eatre en bois alu, plaque de gypse, linoleum v\u00e9ritable. Pour pr\u00e9server un maximum de sol perm\u00e9ables nous avons v\u00e9g\u00e9talis\u00e9 la toiture et les places de parking laissent l\u2019eau p\u00e9n\u00e9trer le sol gr\u00e2ce aux plants\u00a0 de thym et de s\u00e9dum.<\/p>\n<p>Vous appr\u00e9cierez la douceur des mat\u00e9riaux de construction en tant qu&rsquo;\u00e9l\u00e9ment d\u00e9coratif, le mobilier s\u00e9lectionn\u00e9 parmi les grands noms du design et la cuisine qui donnera des ailes au chef qui sommeille en vous.<\/p>\n<p>En plein vignoble, \u00e0 11km de Colmar, 3km de Riquewihr, 70km de Strasbourg, 48km d&rsquo;Europapark, 7km Golf Ammerschwihr, 27km Station Ski Lac Blanc. 2 Piscines avec bassin ludique \u00e0 6km. Pistes cyclable devant le gite. Retrouvez l&rsquo;ensemble des activit\u00e9 ICI.<\/p>\n<p>Le Rez de Chauss\u00e9e et l\u2019\u00c9tage sont baign\u00e9s de lumi\u00e8re gr\u00e2ce aux deux immenses baies vitr\u00e9es plein sud.<\/p>\n<p>Au REZ DE CHAUSSEE<\/p>\n<p>Espace de vie de 60m2 : Cuisine avec \u00eelot et tabourets, Salle \u00e0 Manger avec 2 tables pour 12 personnes, Salon et Espace T\u00e9l\u00e9-HIFI<br \/>\nChambre 1 : Douche \u00e0 l&rsquo;Italienne et WC <em>&#8211; conforme aux normes d&rsquo;accessibilit\u00e9 PMR<\/em><br \/>\nEntr\u00e9e avec Penderie et banc<br \/>\nWC Ind\u00e9pendant avec lave main et bac \u00e0 laver<br \/>\nPenderie<\/p>\n<p>A l&rsquo;ETAGE<\/p>\n<p>4 Chambres et 4 Salles de Bain, Sauna, 2 Mezzanines avec Espace TV \/ Biblioth\u00e8que-Lecture.<br \/>\nChambre 2 : 2 lits 80&#215;200 jumelables + 2 lits superpos\u00e9s 80&#215;200 &#8211; Salle de bain douche 90&#215;120, Table \u00e0 langer, Lave Linge et S\u00e8che Linge.<br \/>\nChambre 3 :\u00a02 lits 80&#215;200 jumelables &#8211; Salle de bain douche 90&#215;120 en face &#8211; dont Sauna commun<br \/>\nChambre 4 : 1 lit 160&#215;200 &#8211; Salle de bain douche 90&#215;90 enti\u00e8rement vitr\u00e9 pour une clart\u00e9 maximale<br \/>\nChambre 5 : 1 lit 160&#215;200 &#8211; Salle de bain douche 90&#215;90 enti\u00e8rement vitr\u00e9 pour une clart\u00e9 maximale<br \/>\nMezzanine 1 : Si\u00e8ges de cin\u00e9ma \u00e0 bascule<br \/>\nMezzanine 2 : TV, Biblioth\u00e8que avec des poufs<br \/>\n2 WC ind\u00e9pendants<br \/>\nToutes les chambres sont \u00e9quip\u00e9es d&rsquo;une chaise, d&rsquo;une petite table pour \u00e9crire, lire, utiliser un ordinateur.<br \/>\nEXT\u00c9RIEUR<br \/>\nTerrasse avec un immense parasol pour profiter des beaux jours.<br \/>\nParking priv\u00e9 et local v\u00e9lo.<br \/>\nJardin clos.<br \/>\nGrand banc de 3 m\u00e8tres adoss\u00e9 \u00e0 la maison.<br \/>\nBarbecue.<\/p>\n<p>AUTRES<\/p>\n<p>Borne de rechargement pour voiture \u00e9lectrique.<br \/>\nWIFI.<br \/>\nChaise haute pour b\u00e9b\u00e9.<br \/>\nLe g\u00eete n&rsquo;est pas \u00e0 m\u00eame d&rsquo;accueillir les animaux.<\/p>\n<p>Pour le confort de tous, les fumeurs sont invit\u00e9s \u00e0 s&rsquo;isoler quelques minutes \u00e0 l&rsquo;ext\u00e9rieur.<\/p>\n<p>SONT INCLUS POUR PROFITER DE VOTRE SEJOUR<\/p>\n<p>Draps inclus.<br \/>\nServiettes de toilette inclus.<br \/>\nTorchons de cuisine \u00e0 votre disposition.<br \/>\nM\u00e9nage de fin de s\u00e9jour inclus.<\/p>\n<p>[maxbutton id=\u00a0\u00bb2&Prime;]<\/p>\n<p><em><strong>\u00a0<span style=\"color: #994400;\">POURQUOI r\u00e9server O&rsquo;Connel Lodge ?<\/span><\/strong><\/em><\/p>\n<p>S\u00e9journer \u00e0 O&rsquo;Connel Lodge c&rsquo;est opter pour un emplacement de choix\u00a0 pour rayonner sur la r\u00e9gion et d\u00e9couvrir son histoire, ses richesses et traditions. Comme vous avez pu le noter plus haut nous avons voulu vous offrir un lieu d&rsquo;exception pour des vacances inoubliables !<\/p>\n<p><span style=\"color: #994400;\">Amateur de Vins et de Bonnes Tables ?<\/span> Vous aurez plaisir \u00e0 parcourir la route des vins et ses nombreuses caves et winstub; le soir venu direction le Casino de Ribeauvill\u00e9.<\/p>\n<p><span style=\"color: #994400;\">Sportif ?<\/span>\u00a0La montagne et les randonn\u00e9es en for\u00eat sont \u00e0 une dizaine de minutes, d\u00e9marrer une ballade en v\u00e9lo directement devant le gite au travers des vignes, faire des longueur de bassin dans les 2 piscines \u00e0 6km.<\/p>\n<p><span style=\"color: #994400;\">Vivre la magie de No\u00ebl ? <\/span>La tradition de No\u00ebl est \u00e0 votre porte &#8230; le march\u00e9 de No\u00ebl de Kaysersberg se trouve \u00e0 6km.<\/p>\n<p><span style=\"color: #994400;\">Vibrer en Famille ?<\/span> Direction la Volerie des Aigles \u00e0 30 minutes tout \u00e0 c\u00f4t\u00e9 du Ch\u00e2teau du Haut Koenigsbourg; ne manquez pas non plus une journ\u00e9e inoubliable au parc de Europapark en Allemagne ou une demie journ\u00e9e au mus\u00e9e de l&rsquo;automobile ou au Zoo de Mulhouse \u00e0 40 minutes.<\/p>\n<p><span style=\"color: #994400;\">Vous rafraichir ?<\/span> Vous avez le choix entre 2 Piscines avec bassin ludique \u00e0 6km.<\/p>\n<p><span style=\"color: #994400;\">D\u00e9couvrir Bennwihr ? <\/span>Oui, d\u00e9couvrez le village de Bennwihr : une \u00c9glise datant de 1960 c&rsquo;est probablement l&rsquo;une des plus r\u00e9centes d&rsquo;Alsace et c&rsquo;est certainement aussi la plus inattendue avec son immense vitrail et sa livr\u00e9e blanche int\u00e9rieure.<br \/>\nLe vignoble alentour est omnipr\u00e9sent avec ses vignerons ind\u00e9pendants ou r\u00e9unis en coop\u00e9rative, vous pourrez profiter de visites guid\u00e9e du vignoble en saison estivale.<\/p>\n","protected":false},"excerpt":{"rendered":"<p>Construite en 2015, pour 12 Personnes, Maison de 206m2 avec Sauna, 5 Chambres\u00a0\u00a0\u00a0 et \u00a0\u00a0 5 Salles de Bain, une maison tout en bois au design contemporain pour une ambiance vraiment unique &#8211; comme un petit h\u00f4tel pour vous seul ! O&rsquo;Connel Lodge est une maison \u00e9cologique du futur pour 2 raisons : tout d&rsquo;abord&#8230;<\/p>","protected":false},"author":1,"featured_media":0,"parent":0,"menu_order":0,"comment_status":"open","ping_status":"open","template":"","meta":{"_kad_post_transparent":"","_kad_post_title":"","_kad_post_layout":"","_kad_post_sidebar_id":"","_kad_post_content_style":"","_kad_post_vertical_padding":"","_kad_post_feature":"","_kad_post_feature_position":"","_kad_post_header":false,"_kad_post_footer":false,"_kad_post_classname":"","footnotes":""},"class_list":["post-578","page","type-page","status-publish","hentry"],"_links":{"self":[{"href":"https:\/\/www.oconnel-lodge.com\/en\/wp-json\/wp\/v2\/pages\/578","targetHints":{"allow":["GET"]}}],"collection":[{"href":"https:\/\/www.oconnel-lodge.com\/en\/wp-json\/wp\/v2\/pages"}],"about":[{"href":"https:\/\/www.oconnel-lodge.com\/en\/wp-json\/wp\/v2\/types\/page"}],"author":[{"embeddable":true,"href":"https:\/\/www.oconnel-lodge.com\/en\/wp-json\/wp\/v2\/users\/1"}],"replies":[{"embeddable":true,"href":"https:\/\/www.oconnel-lodge.com\/en\/wp-json\/wp\/v2\/comments?post=578"}],"version-history":[{"count":17,"href":"https:\/\/www.oconnel-lodge.com\/en\/wp-json\/wp\/v2\/pages\/578\/revisions"}],"predecessor-version":[{"id":1455,"href":"https:\/\/www.oconnel-lodge.com\/en\/wp-json\/wp\/v2\/pages\/578\/revisions\/1455"}],"wp:attachment":[{"href":"https:\/\/www.oconnel-lodge.com\/en\/wp-json\/wp\/v2\/media?parent=578"}],"curies":[{"name":"wp","href":"https:\/\/api.w.org\/{rel}","templated":true}]}}