{"id":61,"date":"2014-03-16T20:33:13","date_gmt":"2014-03-16T19:33:13","guid":{"rendered":"http:\/\/www.oconnel-lodge.com\/?page_id=61"},"modified":"2026-05-15T14:30:51","modified_gmt":"2026-05-15T12:30:51","slug":"bonnes-adresses","status":"publish","type":"page","link":"https:\/\/www.oconnel-lodge.com\/en\/bonnes-adresses\/","title":{"rendered":"EXPERIENCES EN ALSACE AUTOUR DU LODGE"},"content":{"rendered":"<h1>EXPERIENCES EN ALSACE AUTOUR DU LODGE<\/h1>\n\n\n<h1>Le gite 10 \u00e0 12 Personnes Colmar Kaysersberg vous livre sa s\u00e9lection de lieux incontournables en Alsace, Restaurants, Visites, Mus\u00e9e, Vigneron : Cliquez sur le menu d\u00e9roulant en haut.<\/h1>\n<h3><strong>PROFITEZ du <a href=\"https:\/\/www.pass-alsace.com\/\">PASS&rsquo;ALSACE<\/a> :<\/strong><\/h3>\n<p>Le Pass&rsquo;Alsace est le Pass id\u00e9al pour d\u00e9couvrir l&rsquo;Alsace. Il s&rsquo;agit d&rsquo;une carte sans contact qui inclut une entr\u00e9e dans chacun des <a href=\"http:\/\/www.pass-alsace.com\/liste-des-sites-a-visiter\">50 plus beaux sites de l&rsquo;ALSACE<\/a>. Vous pouvez choisir la dur\u00e9e de validit\u00e9 en fonction de la dur\u00e9e de votre s\u00e9jour : 24 heures, 48 heures ou 3 jours cons\u00e9cutifs ou non sur une p\u00e9riode de 14 jours. Cette dur\u00e9e de validit\u00e9 commence \u00e0 la premi\u00e8re utilisation du Pass&rsquo;Alsace. Chaque Pass&rsquo;Alsace existe en version adulte et en version enfant de moins de 12 ans.<\/p>\n<div style=\"text-align: center; margin: 20px 0;\"><a href=\"https:\/\/www.pass-alsace.com\/fonctionnement\" target=\"_blank\" rel=\"noopener noreferrer\"> <img loading=\"lazy\" decoding=\"async\" src=\"http:\/\/www.oconnel-lodge.com\/wp-content\/uploads\/2014\/03\/pass-alsace.png\" alt=\"Pass'Alsace\" width=\"322\" height=\"250\" \/> <\/a>\n<p style=\"font-size: 0.85rem; color: #4a3728; font-family: 'Raleway', sans-serif;\">Pass&rsquo;Alsace<\/p>\n<\/div>\n<h3><strong>Les APPLIS SMARTPHONE :<\/strong><\/h3>\n<div style=\"display: flex; flex-wrap: wrap; gap: 32px; justify-content: center; margin: 32px 0;\">\n<div style=\"flex: 1; min-width: 280px; max-width: 440px; text-align: center; padding: 24px; border: 1px solid #c9c3b5; background: #fff;\">\n<p style=\"font-family: 'Raleway', sans-serif; font-weight: 600; font-size: 0.85rem; letter-spacing: 0.15em; text-transform: uppercase; color: #4a3728; margin-bottom: 16px;\">Pays Ribeauvill\u00e9 Riquewihr<\/p>\n<p><img decoding=\"async\" style=\"width: 100%; height: auto; margin-bottom: 16px;\" src=\"http:\/\/www.oconnel-lodge.com\/wp-content\/uploads\/2014\/03\/app-ribeauville-riquewihr.png\" alt=\"app-ribeauville-riquewihr\" \/><\/p>\n<div style=\"display: flex; justify-content: center; align-items: center; gap: 16px;\"><a href=\"https:\/\/itunes.apple.com\/us\/app\/pays-ribeauville-riquewihr\/id1146490602?mt=8\" target=\"_blank\" rel=\"noopener noreferrer\"> <img loading=\"lazy\" decoding=\"async\" src=\"http:\/\/www.oconnel-lodge.com\/wp-content\/uploads\/2014\/03\/logo-app-store.png\" alt=\"App Store\" width=\"158\" height=\"53\" \/> <\/a> <a href=\"https:\/\/play.google.com\/store\/apps\/details?id=fr.mobitour.apps.id132\" target=\"_blank\" rel=\"noopener noreferrer\"> <img loading=\"lazy\" decoding=\"async\" src=\"http:\/\/www.oconnel-lodge.com\/wp-content\/uploads\/2014\/03\/logo-google-play.png\" alt=\"Google Play\" width=\"158\" height=\"55\" \/> <\/a><\/div>\n<\/div>\n<div style=\"flex: 1; min-width: 280px; max-width: 440px; text-align: center; padding: 24px; border: 1px solid #c9c3b5; background: #fff;\">\n<p style=\"font-family: 'Raleway', sans-serif; font-weight: 600; font-size: 0.85rem; letter-spacing: 0.15em; text-transform: uppercase; color: #4a3728; margin-bottom: 16px;\">App Pass Alsace<\/p>\n<p><img decoding=\"async\" style=\"width: 100%; height: auto; margin-bottom: 16px;\" src=\"http:\/\/www.oconnel-lodge.com\/wp-content\/uploads\/2014\/03\/app-pass-alsace.png\" alt=\"app-pass-alsace\" \/><\/p>\n<div style=\"display: flex; justify-content: center; align-items: center; gap: 16px;\"><a href=\"https:\/\/itunes.apple.com\/fr\/app\/otipass-alsace\/id1127251728?mt=8\" target=\"_blank\" rel=\"noopener noreferrer\"> <img loading=\"lazy\" decoding=\"async\" src=\"http:\/\/www.oconnel-lodge.com\/wp-content\/uploads\/2014\/03\/logo-app-store.png\" alt=\"App Store\" width=\"158\" height=\"53\" \/> <\/a> <a href=\"https:\/\/play.google.com\/store\/apps\/details?id=com.otipass.passalsace&amp;hl=fr\" target=\"_blank\" rel=\"noopener noreferrer\"> <img loading=\"lazy\" decoding=\"async\" src=\"http:\/\/www.oconnel-lodge.com\/wp-content\/uploads\/2014\/03\/logo-google-play.png\" alt=\"Google Play\" width=\"158\" height=\"55\" \/> <\/a><\/div>\n<\/div>\n<\/div>\n\n\n<div style=\"text-align: center; padding: 40px 5%;\">\n<h5 class=\"p1\" style=\"text-align: left;\"><strong>DEMANDEZ LE PROGRAMME AUTOUR DE RIBEAUVILLE RIQUEWIHR !<\/strong><\/h5>\n<div style=\"display: flex; flex-direction: column; align-items: center; gap: 16px;\"><a style=\"display: inline-block; padding: 14px 32px; border: 1px solid #914500; color: #914500; font-family: 'Raleway', sans-serif; font-weight: 300; font-size: 0.85rem; letter-spacing: 0.2em; text-transform: uppercase; text-decoration: none;\" href=\"https:\/\/www.ribeauville-riquewihr.com\/manifestations\/agenda.htm\" target=\"_blank\" rel=\"noopener noreferrer\">Voir l&rsquo;agenda \u2192<\/a> <a style=\"display: inline-block; padding: 14px 32px; border: 1px solid #914500; color: #914500; font-family: 'Raleway', sans-serif; font-weight: 300; font-size: 0.85rem; letter-spacing: 0.2em; text-transform: uppercase; text-decoration: none;\" href=\"https:\/\/www.ribeauville-riquewihr.com\/les-visites-commentees.htm\" target=\"_blank\" rel=\"noopener noreferrer\">Voir les visites comment\u00e9es \u2192<\/a> <a style=\"display: inline-block; padding: 14px 32px; border: 1px solid #914500; color: #914500; font-family: 'Raleway', sans-serif; font-weight: 300; font-size: 0.85rem; letter-spacing: 0.2em; text-transform: uppercase; text-decoration: none;\" href=\"https:\/\/www.ribeauville-riquewihr.com\/manifestations\/sorties-nocturnes.htm\" target=\"_blank\" rel=\"noopener noreferrer\">Voir les sorties nocturnes \u2192<\/a> <a style=\"display: inline-block; padding: 14px 32px; border: 1px solid #914500; color: #914500; font-family: 'Raleway', sans-serif; font-weight: 300; font-size: 0.85rem; letter-spacing: 0.2em; text-transform: uppercase; text-decoration: none;\" href=\"https:\/\/www.noel-colmar.com\/fr\/ribeauville-riquewihr\" target=\"_blank\" rel=\"noopener noreferrer\">No\u00ebl Ribeauvill\u00e9 &amp; Riquewihr \u2192<\/a><\/div>\n<\/div>\n\n\n\n<p><style>\n.ocl-bonnes-adresses { padding: 60px 5%; background: #f5f0e8; }\n.ocl-ba-grid { display: grid; grid-template-columns: repeat(auto-fit, minmax(300px, 1fr)); gap: 32px; max-width: 1100px; margin: 0 auto; }\n.ocl-ba-card { background: #fff; padding: 32px; border: 1px solid #c9c3b5; }\n.ocl-ba-card h3 { font-family: 'Raleway', sans-serif; font-weight: 300; font-size: 1rem; letter-spacing: 0.2em; text-transform: uppercase; color: #4a3728; margin-bottom: 24px; padding-bottom: 12px; border-bottom: 1px solid #914500; }\n.ocl-ba-card ul { list-style: none; padding: 0; margin: 0; display: flex; flex-direction: column; gap: 10px; }\n.ocl-ba-card li { font-family: 'Raleway', sans-serif; font-size: 0.85rem; color: #4a3728; line-height: 1.5; }\n.ocl-ba-card li a { color: #914500; text-decoration: none; }\n.ocl-ba-card li a:hover { color: #4a3728; }\n.ocl-ba-card li .distance { font-size: 0.75rem; color: #914500; letter-spacing: 0.1em; }\n<\/style><\/p>\n<div class=\"ocl-bonnes-adresses\">\n<div class=\"ocl-ba-grid\">\n<div class=\"ocl-ba-card\">\n<h3>En Famille<\/h3>\n<ul>\n<li><a href=\"http:\/\/www.jardinsdespapillons.fr\/\">Jardin des Papillons<\/a> \u2014 Hunawihr <span class=\"distance\">\u00b7 5 min<\/span><\/li>\n<li><a href=\"http:\/\/www.voleriedesaigles.com\/home.aspx\">Volerie des Aigles<\/a> \u2014 Kintzheim <span class=\"distance\">\u00b7 20 min<\/span><\/li>\n<li>Ch\u00e2teau du Haut-Koenigsbourg \u2014 Orschwiller <span class=\"distance\">\u00b7 20 min<\/span><\/li>\n<li>Montagne des Singes \u2014 Kintzheim <span class=\"distance\">\u00b7 20 min<\/span><\/li>\n<li>Europapark \u2014 Allemagne <span class=\"distance\">\u00b7 1h10<\/span><\/li>\n<li>Parc Zoologique de Mulhouse <span class=\"distance\">\u00b7 1h<\/span><\/li>\n<li><a href=\"http:\/\/www.museejouet.com\">Mus\u00e9e du Jouet et du Petit Train<\/a> \u2014 Colmar <span class=\"distance\">\u00b7 20 min<\/span><\/li>\n<li>Maison du Fromage \u2014 Gunsbach <span class=\"distance\">\u00b7 20 min<\/span><\/li>\n<li>Bowling Colmar <span class=\"distance\">\u00b7 15 min<\/span><\/li>\n<li>Patinoire \u2014 Colmar <span class=\"distance\">\u00b7 15 min<\/span><\/li>\n<\/ul>\n<\/div>\n<div class=\"ocl-ba-card\">\n<h3>Sport &amp; Nature<\/h3>\n<ul>\n<li>V\u00e9lo Route du Vignoble \u2014 d\u00e9part depuis le Lodge <span class=\"distance\">\u00b7 0 min<\/span><\/li>\n<li>Randonn\u00e9es Sentier des Grands Crus \u2014 Bennwihr <span class=\"distance\">\u00b7 0 min<\/span><\/li>\n<li>Tennis \u2014 Bennwihr <span class=\"distance\">\u00b7 2 min<\/span><\/li>\n<li>Golf \u2014 Niedermorschwihr <span class=\"distance\">\u00b7 10 min<\/span><\/li>\n<li>Piscine Arc en Ciel \u2014 Kaysersberg <span class=\"distance\">\u00b7 10 min<\/span><\/li>\n<li>Piscine des Ch\u00e2teaux \u2014 Ribeauvill\u00e9 <span class=\"distance\">\u00b7 10 min<\/span><\/li>\n<li>Base Nautique \u2014 Colmar Houssen <span class=\"distance\">\u00b7 10 min<\/span><\/li>\n<li><a href=\"http:\/\/www.lac-blanc.com\/\">Ski Station Lac Blanc<\/a> <span class=\"distance\">\u00b7 40 min<\/span><\/li>\n<li>VTT descente en \u00e9t\u00e9 \u2014 Lac Blanc<\/li>\n<li>Karting Indoor \u2014 Strasbourg Eckbolsheim <span class=\"distance\">\u00b7 1h<\/span><\/li>\n<\/ul>\n<\/div>\n<div class=\"ocl-ba-card\">\n<h3>Restaurants<\/h3>\n<ul>\n<li>Le Gambrinus \u2014 Tarte flamb\u00e9e, Beblenheim <span class=\"distance\">\u00b7 5 min<\/span><\/li>\n<li><a href=\"http:\/\/www.caveaumorakopf.fr\/\">Le Morakopf<\/a> \u2014 Cuisine alsacienne, Niedermorschwihr <span class=\"distance\">\u00b7 10 min<\/span><\/li>\n<li><a href=\"http:\/\/restaurant-agneau-blanc.com\/\">\u00c0 l&rsquo;Agneau Blanc<\/a> \u2014 Beblenheim <span class=\"distance\">\u00b7 5 min<\/span><\/li>\n<li><a href=\"http:\/\/www.auboncoin-sigolsheim.com\/\">Au Bon Coin<\/a> \u2014 Sigolsheim <span class=\"distance\">\u00b7 5 min<\/span><\/li>\n<li><a href=\"http:\/\/www.tavernealsacienne-familleguggenbuhl.com\/\">La Taverne Alsacienne<\/a> \u2014 Bib Michelin, Ingersheim <span class=\"distance\">\u00b7 10 min<\/span><\/li>\n<li><a href=\"http:\/\/www.raisindor.fr\/\">Au Raisin d&rsquo;Or<\/a> \u2014 Bib Michelin, Zimmerbach <span class=\"distance\">\u00b7 18 min<\/span><\/li>\n<li><a href=\"http:\/\/www.le-maximilien.com\/\">Le Maximilien<\/a> \u2014 1\u2605 Michelin, Zellenberg <span class=\"distance\">\u00b7 5 min<\/span><\/li>\n<li><a href=\"http:\/\/www.lechambard.fr\/fr\/\">Le Chambard<\/a> \u2014 2\u2605 Michelin, Kaysersberg <span class=\"distance\">\u00b7 5 min<\/span><\/li>\n<li><a href=\"http:\/\/www.aubergedutanet.com\/\">Auberge du Tanet<\/a> \u2014 En montagne <span class=\"distance\">\u00b7 50 min<\/span><\/li>\n<\/ul>\n<\/div>\n<div class=\"ocl-ba-card\">\n<h3>Made in Alsace<\/h3>\n<ul>\n<li><a href=\"http:\/\/www.beauville.com\/\">Tissus Beauville<\/a> \u2014 Ribeauvill\u00e9 <span class=\"distance\">\u00b7 10 min<\/span><\/li>\n<li><a href=\"http:\/\/www.staub.fr\/fr\/home.html\">Staub, Cocottes en fonte<\/a> \u2014 Turckheim <span class=\"distance\">\u00b7 10 min<\/span><\/li>\n<li><a href=\"http:\/\/www.christineferber.com\/Christine-Ferber.html\">P\u00e2tisserie Ferber<\/a> \u2014 Confitures &amp; Bredla, Niedermorschwihr <span class=\"distance\">\u00b7 10 min<\/span><\/li>\n<li>Charcuterie Sigmann \u2014 Ingersheim <span class=\"distance\">\u00b7 10 min<\/span><\/li>\n<li>Miel \u2014 Bernard Laenger, Bennwihr <span class=\"distance\">\u00b7 200m<\/span><\/li>\n<li>Pommes Wagner \u2014 Bennwihr (d\u00e8s fin ao\u00fbt) <span class=\"distance\">\u00b7 500m<\/span><\/li>\n<li>Asperges Clarisse Sibler \u2014 Sigolsheim (avril-juin) <span class=\"distance\">\u00b7 5 min<\/span><\/li>\n<li><a href=\"http:\/\/www.meubles-seltz.fr\/\">Meubles Seltz<\/a> \u2014 Mittelbergheim <span class=\"distance\">\u00b7 30 min<\/span><\/li>\n<\/ul>\n<\/div>\n<div class=\"ocl-ba-card\">\n<h3>Vignerons<\/h3>\n<ul>\n<li>Sentier viticole des Grands Crus \u2014 Bennwihr <span class=\"distance\">\u00b7 3 min<\/span><\/li>\n<li><a href=\"http:\/\/www.andreblanck.com\/\">Domaine Andr\u00e9 Blanck<\/a> \u2014 Kientzheim <span class=\"distance\">\u00b7 10 min<\/span><\/li>\n<li><a href=\"https:\/\/www.mittnachtfreres.fr\/\">Domaine Mittnacht Fr\u00e8res<\/a> \u2014 Hunawihr <span class=\"distance\">\u00b7 10 min<\/span><\/li>\n<li>Domaine Laurent Barth \u2014 Bennwihr <span class=\"distance\">\u00b7 2 min \u00e0 pied<\/span><\/li>\n<li>7 c\u00e9pages alsaciens : Riesling, Gewurztraminer, Muscat, Pinot Gris, Pinot Blanc, Pinot Noir, Chasselas<\/li>\n<\/ul>\n<\/div>\n<div class=\"ocl-ba-card\">\n<h3>Culture &amp; Patrimoine<\/h3>\n<ul>\n<li><a href=\"http:\/\/www.musee-unterlinden.com\">Mus\u00e9e Unterlinden<\/a> \u2014 Colmar <span class=\"distance\">\u00b7 20 min<\/span><\/li>\n<li><a href=\"http:\/\/www.ecomusee-alsace.fr\/\">\u00c9comus\u00e9e d&rsquo;Alsace<\/a> \u2014 Ungersheim <span class=\"distance\">\u00b7 30 min<\/span><\/li>\n<li><a href=\"http:\/\/www.citedelautomobile.com\">Cit\u00e9 de l&rsquo;Automobile<\/a> \u2014 Mulhouse <span class=\"distance\">\u00b7 50 min<\/span><\/li>\n<li><a href=\"http:\/\/www.citedutrain.com\">Cit\u00e9 du Train<\/a> \u2014 Mulhouse <span class=\"distance\">\u00b7 50 min<\/span><\/li>\n<li><a href=\"http:\/\/www.ot-colmar.fr\/fr\/\">Colmar<\/a> \u2014 Petite Venise, Vieille Ville <span class=\"distance\">\u00b7 20 min<\/span><\/li>\n<li><a href=\"http:\/\/www.linge1915.com\/\">M\u00e9morial du Linge<\/a> \u2014 Orbey <span class=\"distance\">\u00b7 30 min<\/span><\/li>\n<li>\u00c9glise de Bennwihr \u2014 Architecture remarquable <span class=\"distance\">\u00b7 5 min \u00e0 pied<\/span><\/li>\n<li><a href=\"http:\/\/www.cathedrale-strasbourg.fr\/\">Strasbourg Cath\u00e9drale<\/a> <span class=\"distance\">\u00b7 50 min<\/span><\/li>\n<li>Cimeti\u00e8re militaire \u2014 Sigolsheim <span class=\"distance\">\u00b7 10 min<\/span><\/li>\n<\/ul>\n<\/div>\n<div class=\"ocl-ba-card\">\n<h3>March\u00e9s de No\u00ebl<\/h3>\n<ul>\n<li>Riquewihr <span class=\"distance\">\u00b7 5 min<\/span><\/li>\n<li>Kaysersberg <span class=\"distance\">\u00b7 10 min<\/span><\/li>\n<li>Bergheim \u2014 Chemin des Cr\u00e8ches <span class=\"distance\">\u00b7 10 min<\/span><\/li>\n<li>Turckheim \u2014 Veilleur de Nuit <span class=\"distance\">\u00b7 20 min<\/span><\/li>\n<li>Colmar <span class=\"distance\">\u00b7 20 min<\/span><\/li>\n<li>Strasbourg <span class=\"distance\">\u00b7 50 min<\/span><\/li>\n<li><a href=\"http:\/\/noel.tourisme-alsace.com\/fr\/calendrier-des-marches-de-noel\/\" target=\"_blank\" rel=\"noopener noreferrer\">Tous les \u00e9v\u00e9nements de No\u00ebl \u2192<\/a><\/li>\n<li><a href=\"http:\/\/noel.tourisme-alsace.com\/fr\/idees-evenements-coups-de-coeur\" target=\"_blank\" rel=\"noopener noreferrer\">Les coups de c\u0153ur \u2192<\/a><\/li>\n<\/ul>\n<\/div>\n<\/div>\n<\/div>\n\n\n\n<h3><strong>DECOUVREZ NOS EXPERIENCES<\/strong><\/h3>\n\n\n\n<p><style>\n.ocl-blog-grid { display: grid; grid-template-columns: repeat(auto-fit, minmax(280px, 1fr)); gap: 32px; max-width: 1100px; margin: 0 auto; padding: 60px 5%; background: #f5f0e8; }\n.ocl-blog-card { display: flex; flex-direction: column; background: #fff; }\n.ocl-blog-card img { width: 100%; height: 200px; object-fit: cover; display: block; }\n.ocl-blog-card-body { padding: 24px; display: flex; flex-direction: column; gap: 12px; flex: 1; }\n.ocl-blog-card-title { font-size: 1rem; font-weight: 400; color: #4a3728; letter-spacing: 0.05em; line-height: 1.4; }\n.ocl-blog-card-excerpt { font-size: 0.85rem; color: #6b5c50; line-height: 1.6; flex: 1; }\n.ocl-blog-card-link { font-size: 0.75rem; letter-spacing: 0.15em; text-transform: uppercase; color: #914500; text-decoration: none; font-family: 'Raleway', sans-serif; font-weight: 300; }\n.ocl-blog-card-link:hover { color: #4a3728; }\n<\/style><\/p>\n<div class=\"ocl-blog-grid\">\n<div class=\"ocl-blog-card\"><img decoding=\"async\" src=\"URL_IMAGE_1\" alt=\"Alsace : 4 Exp\u00e9riences \u0152nologiques Inoubliables\">\n<div class=\"ocl-blog-card-body\">\n<div class=\"ocl-blog-card-title\">Alsace : 4 Exp\u00e9riences \u0152nologiques Inoubliables<\/div>\n<div class=\"ocl-blog-card-excerpt\">Entre vignobles en terrasses et caves centenaires, l&rsquo;Alsace vous invite \u00e0 d\u00e9couvrir ses tr\u00e9sors \u0153nologiques.<\/div>\n<a class=\"ocl-blog-card-link\" href=\"https:\/\/www.oconnel-lodge.com\/en\/alsace-4-experiences-oenologiques-inoubliables\/\">Lire la suite \u2192<\/a><\/div>\n<\/div>\n<div class=\"ocl-blog-card\"><img decoding=\"async\" src=\"URL_IMAGE_2\" alt=\"Fribourg-en-Brisgau : 4 P\u00e9pites \u00e0 D\u00e9couvrir\">\n<div class=\"ocl-blog-card-body\">\n<div class=\"ocl-blog-card-title\">Fribourg-en-Brisgau : 4 P\u00e9pites \u00e0 D\u00e9couvrir Absolument outre Rhin<\/div>\n<div class=\"ocl-blog-card-excerpt\">Entre patrimoine m\u00e9di\u00e9val, nature g\u00e9n\u00e9reuse et douceur de vivre, Fribourg-en-Brisgau s\u00e9duit par son authenticit\u00e9.<\/div>\n<a class=\"ocl-blog-card-link\" href=\"https:\/\/www.oconnel-lodge.com\/en\/fribourg-en-brisgau-4-pepites-a-decouvrir-absolument-outre-rhin\/\">Lire la suite \u2192<\/a><\/div>\n<\/div>\n<div class=\"ocl-blog-card\"><img decoding=\"async\" src=\"URL_IMAGE_3\" alt=\"Massif des Vosges : 4 Exp\u00e9riences Inoubliables\">\n<div class=\"ocl-blog-card-body\">\n<div class=\"ocl-blog-card-title\">Massif des Vosges : 4 Exp\u00e9riences Inoubliables entre Munster et le Lac Blanc<\/div>\n<div class=\"ocl-blog-card-excerpt\">Entre sommets majestueux, lacs alpins et traditions gourmandes, d\u00e9couvrez comment transformer votre s\u00e9jour.<\/div>\n<a class=\"ocl-blog-card-link\" href=\"https:\/\/www.oconnel-lodge.com\/en\/massif-des-vosges-4-experiences-inoubliables-entre-munster-et-le-lac-blanc\/\">Lire la suite \u2192<\/a><\/div>\n<\/div>\n<div class=\"ocl-blog-card\"><img decoding=\"async\" src=\"URL_IMAGE_4\" alt=\"6 Activit\u00e9s Incontournables autour de Colmar\">\n<div class=\"ocl-blog-card-body\">\n<div class=\"ocl-blog-card-title\">6 Activit\u00e9s Incontournables \u00e0 Faire Autour de Colmar<\/div>\n<div class=\"ocl-blog-card-excerpt\">Colmar et ses environs regorgent d&rsquo;activit\u00e9s pour tous les go\u00fbts, entre culture, gastronomie et nature.<\/div>\n<a class=\"ocl-blog-card-link\" href=\"https:\/\/www.oconnel-lodge.com\/en\/6-activites-incontournables-a-faire-autour-de-colmar\/\">Lire la suite \u2192<\/a><\/div>\n<\/div>\n<div class=\"ocl-blog-card\"><img decoding=\"async\" src=\"URL_IMAGE_5\" alt=\"Un concentr\u00e9 d'\u00e9motions en 4 jours en Alsace\">\n<div class=\"ocl-blog-card-body\">\n<div class=\"ocl-blog-card-title\">Un Concentr\u00e9 d&rsquo;\u00c9motions en 4 Jours en Alsace<\/div>\n<div class=\"ocl-blog-card-excerpt\">4 jours pour d\u00e9couvrir l&rsquo;essentiel de l&rsquo;Alsace : villages, vignobles, gastronomie et moments inoubliables.<\/div>\n<a class=\"ocl-blog-card-link\" href=\"https:\/\/www.oconnel-lodge.com\/en\/un-concentre-demotions-en-4-jours-alsace\/\">Lire la suite \u2192<\/a><\/div>\n<\/div>\n<div class=\"ocl-blog-card\"><img decoding=\"async\" src=\"URL_IMAGE_6\" alt=\"No\u00ebl \u00e0 O'Connel Lodge\">\n<div class=\"ocl-blog-card-body\">\n<div class=\"ocl-blog-card-title\">No\u00ebl \u00e0 O&rsquo;Connel Lodge : \u00e7a se passe comme \u00e7a !<\/div>\n<div class=\"ocl-blog-card-excerpt\">O&rsquo;Connel Lodge ouvert toute l&rsquo;ann\u00e9e \u2014 un point de chute unique pour d\u00e9couvrir les march\u00e9s de No\u00ebl alsaciens.<\/div>\n<a class=\"ocl-blog-card-link\" href=\"https:\/\/www.oconnel-lodge.com\/en\/noel-a-oconnel-lodge-ca-se-passe-ca-sapin-alsace-drinkalsace-belgique\/\">Lire la suite \u2192<\/a><\/div>\n<\/div>\n<div class=\"ocl-blog-card\"><img decoding=\"async\" src=\"URL_IMAGE_7\" alt=\"No\u00ebl en Alsace \u00e0 O'Connel Lodge\">\n<div class=\"ocl-blog-card-body\">\n<div class=\"ocl-blog-card-title\">No\u00ebl en Alsace : \u00e0 O&rsquo;Connel Lodge, \u00e0 un jet de pierre de Riquewihr<\/div>\n<div class=\"ocl-blog-card-excerpt\">Vivez la magie de No\u00ebl en Alsace depuis O&rsquo;Connel Lodge, id\u00e9alement situ\u00e9 entre Kaysersberg, Riquewihr et Colmar.<\/div>\n<a class=\"ocl-blog-card-link\" href=\"https:\/\/www.oconnel-lodge.com\/en\/noel-en-alsace-cest-maintenant-a-oconnel-lodge-a-un-jet-de-pierre-de-riquewihr-kaysersberg-colmar-visitalsace-visitkb\/\">Lire la suite \u2192<\/a><\/div>\n<\/div>\n<div class=\"ocl-blog-card\"><img decoding=\"async\" src=\"URL_IMAGE_8\" alt=\"Vivez le printemps en Alsace\">\n<div class=\"ocl-blog-card-body\">\n<div class=\"ocl-blog-card-title\">Vivez le Printemps en Alsace avec O&rsquo;Connel Lodge<\/div>\n<div class=\"ocl-blog-card-excerpt\">Vergers et vignes en fleurs, clochers pittoresques \u2014 le printemps alsacien est un spectacle \u00e0 ne pas manquer.<\/div>\n<a class=\"ocl-blog-card-link\" href=\"https:\/\/www.oconnel-lodge.com\/en\/vivez-le-printemps-en-alsace-avec-oconnel-lodge-vergers-et-vignes-fleurs-et-clocher\/\">Lire la suite \u2192<\/a><\/div>\n<\/div>\n<\/div>","protected":false},"excerpt":{"rendered":"<p>EXPERIENCES EN ALSACE AUTOUR DU LODGE Le gite 10 \u00e0 12 Personnes Colmar Kaysersberg vous livre sa s\u00e9lection de lieux incontournables en Alsace, Restaurants, Visites, Mus\u00e9e, Vigneron : Cliquez sur le menu d\u00e9roulant en haut. PROFITEZ du PASS&rsquo;ALSACE : Le Pass&rsquo;Alsace est le Pass id\u00e9al pour d\u00e9couvrir l&rsquo;Alsace. Il s&rsquo;agit d&rsquo;une carte sans contact qui&#8230;<\/p>","protected":false},"author":1,"featured_media":0,"parent":0,"menu_order":0,"comment_status":"open","ping_status":"open","template":"","meta":{"_kad_post_transparent":"","_kad_post_title":"hide","_kad_post_layout":"","_kad_post_sidebar_id":"","_kad_post_content_style":"","_kad_post_vertical_padding":"","_kad_post_feature":"","_kad_post_feature_position":"","_kad_post_header":false,"_kad_post_footer":false,"_kad_post_classname":"","footnotes":""},"class_list":["post-61","page","type-page","status-publish","hentry"],"_links":{"self":[{"href":"https:\/\/www.oconnel-lodge.com\/en\/wp-json\/wp\/v2\/pages\/61","targetHints":{"allow":["GET"]}}],"collection":[{"href":"https:\/\/www.oconnel-lodge.com\/en\/wp-json\/wp\/v2\/pages"}],"about":[{"href":"https:\/\/www.oconnel-lodge.com\/en\/wp-json\/wp\/v2\/types\/page"}],"author":[{"embeddable":true,"href":"https:\/\/www.oconnel-lodge.com\/en\/wp-json\/wp\/v2\/users\/1"}],"replies":[{"embeddable":true,"href":"https:\/\/www.oconnel-lodge.com\/en\/wp-json\/wp\/v2\/comments?post=61"}],"version-history":[{"count":42,"href":"https:\/\/www.oconnel-lodge.com\/en\/wp-json\/wp\/v2\/pages\/61\/revisions"}],"predecessor-version":[{"id":2144,"href":"https:\/\/www.oconnel-lodge.com\/en\/wp-json\/wp\/v2\/pages\/61\/revisions\/2144"}],"wp:attachment":[{"href":"https:\/\/www.oconnel-lodge.com\/en\/wp-json\/wp\/v2\/media?parent=61"}],"curies":[{"name":"wp","href":"https:\/\/api.w.org\/{rel}","templated":true}]}}